{"id":1832,"date":"2022-09-26T11:47:39","date_gmt":"2022-09-26T11:47:39","guid":{"rendered":"https:\/\/konstruktion.vamtam.com\/?page_id=1832"},"modified":"2023-11-30T18:32:40","modified_gmt":"2023-11-30T17:32:40","slug":"news","status":"publish","type":"page","link":"https:\/\/btpline.com\/en\/news\/","title":{"rendered":"Blog"},"content":{"rendered":"<div data-elementor-type=\"wp-page\" data-elementor-id=\"1832\" class=\"elementor elementor-1832\" data-elementor-post-type=\"page\">\n\t\t\t\t\t\t<section class=\"elementor-section elementor-top-section elementor-element elementor-element-6a31a80 elementor-section-boxed elementor-section-height-default elementor-section-height-default\" data-id=\"6a31a80\" data-element_type=\"section\">\n\t\t\t\t\t\t<div class=\"elementor-container elementor-column-gap-no\">\n\t\t\t\t\t<div class=\"elementor-column elementor-col-50 elementor-top-column elementor-element elementor-element-e914ed6\" data-id=\"e914ed6\" data-element_type=\"column\">\n\t\t\t<div class=\"elementor-widget-wrap elementor-element-populated\">\n\t\t\t\t\t\t<div class=\"elementor-element elementor-element-103d292 elementor-position-inline-end elementor-widget__width-auto elementor-mobile-position-inline-end elementor-widget-mobile__width-auto elementor-view-default elementor-invisible elementor-widget elementor-widget-icon-box\" data-id=\"103d292\" data-element_type=\"widget\" data-settings=\"{&quot;_animation&quot;:&quot;slideInUp&quot;}\" data-widget_type=\"icon-box.default\">\n\t\t\t\t<div class=\"elementor-widget-container\">\n\t\t\t\t\t\t\t<div class=\"elementor-icon-box-wrapper\">\n\n\t\t\t\t\t\t<div class=\"elementor-icon-box-icon\">\n\t\t\t\t<span  class=\"elementor-icon\">\n\t\t\t\t<i aria-hidden=\"true\" class=\"vamtamtheme- vamtam-theme-line-titles\"><\/i>\t\t\t\t<\/span>\n\t\t\t<\/div>\n\t\t\t\n\t\t\t\t\t\t<div class=\"elementor-icon-box-content\">\n\n\t\t\t\t\t\t\t\t\t<span class=\"elementor-icon-box-title\">\n\t\t\t\t\t\t<span  >\n\t\t\t\t\t\t\tNos nouveaut\u00e9s\t\t\t\t\t\t<\/span>\n\t\t\t\t\t<\/span>\n\t\t\t\t\n\t\t\t\t\n\t\t\t<\/div>\n\t\t\t\n\t\t<\/div>\n\t\t\t\t\t\t<\/div>\n\t\t\t\t<\/div>\n\t\t\t\t\t<\/div>\n\t\t<\/div>\n\t\t\t\t<div class=\"elementor-column elementor-col-50 elementor-top-column elementor-element elementor-element-301cc77\" data-id=\"301cc77\" data-element_type=\"column\">\n\t\t\t<div class=\"elementor-widget-wrap elementor-element-populated\">\n\t\t\t\t\t\t<div class=\"elementor-element elementor-element-7ad7e7a elementor-widget elementor-widget-text-editor\" data-id=\"7ad7e7a\" data-element_type=\"widget\" data-widget_type=\"text-editor.default\">\n\t\t\t\t<div class=\"elementor-widget-container\">\n\t\t\t\t\t\t\t\t\t<p>Explorez notre blog pour plonger au c\u0153ur des r\u00e9cits captivants, des conseils de voyage avis\u00e9s et des d\u00e9couvertes uniques.<\/p>\t\t\t\t\t\t\t\t<\/div>\n\t\t\t\t<\/div>\n\t\t\t\t\t<\/div>\n\t\t<\/div>\n\t\t\t\t\t<\/div>\n\t\t<\/section>\n\t\t\t\t<section class=\"elementor-section elementor-top-section elementor-element elementor-element-0a8470e elementor-hidden-mobile elementor-section-boxed elementor-section-height-default elementor-section-height-default\" data-id=\"0a8470e\" data-element_type=\"section\">\n\t\t\t\t\t\t<div class=\"elementor-container elementor-column-gap-no\">\n\t\t\t\t\t<div class=\"elementor-column elementor-col-100 elementor-top-column elementor-element elementor-element-37ae6e4\" data-id=\"37ae6e4\" data-element_type=\"column\">\n\t\t\t<div class=\"elementor-widget-wrap elementor-element-populated\">\n\t\t\t\t\t\t<div class=\"vamtam-has-theme-widget-styles elementor-element elementor-element-92b422b elementor-grid-3 elementor-grid-tablet-2 elementor-grid-mobile-1 elementor-posts--thumbnail-top elementor-card-shadow-yes elementor-posts__hover-gradient elementor-widget elementor-widget-posts\" data-id=\"92b422b\" data-element_type=\"widget\" data-settings=\"{&quot;cards_masonry&quot;:&quot;yes&quot;,&quot;cards_columns&quot;:&quot;3&quot;,&quot;cards_columns_tablet&quot;:&quot;2&quot;,&quot;cards_columns_mobile&quot;:&quot;1&quot;,&quot;cards_row_gap&quot;:{&quot;unit&quot;:&quot;px&quot;,&quot;size&quot;:35,&quot;sizes&quot;:[]},&quot;cards_row_gap_tablet&quot;:{&quot;unit&quot;:&quot;px&quot;,&quot;size&quot;:&quot;&quot;,&quot;sizes&quot;:[]},&quot;cards_row_gap_mobile&quot;:{&quot;unit&quot;:&quot;px&quot;,&quot;size&quot;:&quot;&quot;,&quot;sizes&quot;:[]}}\" data-widget_type=\"posts.cards\">\n\t\t\t\t<div class=\"elementor-widget-container\">\n\t\t\t\t\t\t\t<div class=\"elementor-posts-container elementor-posts elementor-posts--skin-cards elementor-grid\">\r\n\t\t\t\t<article class=\"elementor-post elementor-grid-item post-989428 post type-post status-publish format-standard has-post-thumbnail hentry category-projets tag-residentiel\">\r\n\t\t\t<div class=\"elementor-post__card\">\r\n\t\t\t\t<a class=\"elementor-post__thumbnail__link\" href=\"https:\/\/btpline.com\/en\/le-marche-de-la-construction-au-maroc\/\" tabindex=\"-1\" ><div class=\"elementor-post__thumbnail\"><img fetchpriority=\"high\" decoding=\"async\" width=\"240\" height=\"300\" src=\"https:\/\/btpline.com\/wp-content\/uploads\/2023\/11\/picsss-09-240x300.jpg\" class=\"attachment-medium size-medium wp-image-989549\" alt=\"\" srcset=\"https:\/\/btpline.com\/wp-content\/uploads\/2023\/11\/picsss-09-240x300.jpg 240w, https:\/\/btpline.com\/wp-content\/uploads\/2023\/11\/picsss-09-819x1024.jpg 819w, https:\/\/btpline.com\/wp-content\/uploads\/2023\/11\/picsss-09-768x960.jpg 768w, https:\/\/btpline.com\/wp-content\/uploads\/2023\/11\/picsss-09-1229x1536.jpg 1229w, https:\/\/btpline.com\/wp-content\/uploads\/2023\/11\/picsss-09-1638x2048.jpg 1638w, https:\/\/btpline.com\/wp-content\/uploads\/2023\/11\/picsss-09-10x12.jpg 10w, https:\/\/btpline.com\/wp-content\/uploads\/2023\/11\/picsss-09.jpg 1707w\" sizes=\"(max-width: 240px) 100vw, 240px\" \/><\/div><\/a>\r\n\t\t\t\t<div class=\"elementor-post__badge\">Projects<\/div>\r\n\t\t\t\t<div class=\"elementor-post__text\">\r\n\t\t\t\t<h3 class=\"elementor-post__title\">\r\n\t\t\t<a href=\"https:\/\/btpline.com\/en\/le-marche-de-la-construction-au-maroc\/\" >\r\n\t\t\t\tLe march\u00e9 de la construction au Maroc\u00a0\t\t\t<\/a>\r\n\t\t<\/h3>\r\n\t\t\r\n\t\t<a class=\"elementor-post__read-more\" href=\"https:\/\/btpline.com\/en\/le-marche-de-la-construction-au-maroc\/\" aria-label=\"Read more about Le march\u00e9 de la construction au Maroc\u00a0\" tabindex=\"-1\" >\r\n\t\t\tLire l'article \u00bb\t\t<\/a>\r\n\r\n\t\t\t\t<\/div>\r\n\t\t\t\t\t<\/div>\r\n\t\t<\/article>\r\n\t\t\t\t<\/div>\r\n\t\t\r\n\t\t\t\t\t\t<\/div>\n\t\t\t\t<\/div>\n\t\t\t\t\t<\/div>\n\t\t<\/div>\n\t\t\t\t\t<\/div>\n\t\t<\/section>\n\t\t\t\t<\/div>","protected":false},"excerpt":{"rendered":"<p>Nos nouveaut\u00e9s Explorez notre blog pour plonger au c\u0153ur des r\u00e9cits captivants, des conseils de voyage avis\u00e9s et des d\u00e9couvertes uniques.<\/p>","protected":false},"author":1,"featured_media":0,"parent":0,"menu_order":0,"comment_status":"closed","ping_status":"closed","template":"","meta":{"footnotes":""},"class_list":["post-1832","page","type-page","status-publish","hentry"],"yoast_head":"<!-- This site is optimized with the Yoast SEO plugin v21.2 - https:\/\/yoast.com\/wordpress\/plugins\/seo\/ -->\n<title>Blog - BTP Line<\/title>\n<meta name=\"robots\" content=\"index, follow, max-snippet:-1, max-image-preview:large, max-video-preview:-1\" \/>\n<link rel=\"canonical\" href=\"https:\/\/btpline.com\/en\/news\/\" \/>\n<meta property=\"og:locale\" content=\"en_US\" \/>\n<meta property=\"og:type\" content=\"article\" \/>\n<meta property=\"og:title\" content=\"Blog - BTP Line\" \/>\n<meta property=\"og:description\" content=\"Nos nouveaut\u00e9s Explorez notre blog pour plonger au c\u0153ur des r\u00e9cits captivants, des conseils de voyage avis\u00e9s et des d\u00e9couvertes uniques.\" \/>\n<meta property=\"og:url\" content=\"https:\/\/btpline.com\/en\/news\/\" \/>\n<meta property=\"og:site_name\" content=\"BTP Line\" \/>\n<meta property=\"article:modified_time\" content=\"2023-11-30T17:32:40+00:00\" \/>\n<meta name=\"twitter:card\" content=\"summary_large_image\" \/>\n<meta name=\"twitter:label1\" content=\"Est. reading time\" \/>\n\t<meta name=\"twitter:data1\" content=\"1 minute\" \/>\n<script type=\"application\/ld+json\" class=\"yoast-schema-graph\">{\"@context\":\"https:\/\/schema.org\",\"@graph\":[{\"@type\":\"WebPage\",\"@id\":\"https:\/\/btpline.com\/news\/\",\"url\":\"https:\/\/btpline.com\/news\/\",\"name\":\"Blog - BTP Line\",\"isPartOf\":{\"@id\":\"https:\/\/btpline.com\/#website\"},\"datePublished\":\"2022-09-26T11:47:39+00:00\",\"dateModified\":\"2023-11-30T17:32:40+00:00\",\"breadcrumb\":{\"@id\":\"https:\/\/btpline.com\/news\/#breadcrumb\"},\"inLanguage\":\"en-US\",\"potentialAction\":[{\"@type\":\"ReadAction\",\"target\":[\"https:\/\/btpline.com\/news\/\"]}]},{\"@type\":\"BreadcrumbList\",\"@id\":\"https:\/\/btpline.com\/news\/#breadcrumb\",\"itemListElement\":[{\"@type\":\"ListItem\",\"position\":1,\"name\":\"Home\",\"item\":\"https:\/\/btpline.com\/\"},{\"@type\":\"ListItem\",\"position\":2,\"name\":\"Blog\"}]},{\"@type\":\"WebSite\",\"@id\":\"https:\/\/btpline.com\/#website\",\"url\":\"https:\/\/btpline.com\/\",\"name\":\"BTP Line\",\"description\":\"Soci\u00e9t\u00e9 de BTP\",\"publisher\":{\"@id\":\"https:\/\/btpline.com\/#organization\"},\"potentialAction\":[{\"@type\":\"SearchAction\",\"target\":{\"@type\":\"EntryPoint\",\"urlTemplate\":\"https:\/\/btpline.com\/?s={search_term_string}\"},\"query-input\":\"required name=search_term_string\"}],\"inLanguage\":\"en-US\"},{\"@type\":\"Organization\",\"@id\":\"https:\/\/btpline.com\/#organization\",\"name\":\"BTP Line\",\"url\":\"https:\/\/btpline.com\/\",\"logo\":{\"@type\":\"ImageObject\",\"inLanguage\":\"en-US\",\"@id\":\"https:\/\/btpline.com\/#\/schema\/logo\/image\/\",\"url\":\"https:\/\/btpline.com\/wp-content\/uploads\/2023\/11\/cropped-Artboard-2@2x-8.png\",\"contentUrl\":\"https:\/\/btpline.com\/wp-content\/uploads\/2023\/11\/cropped-Artboard-2@2x-8.png\",\"width\":2160,\"height\":695,\"caption\":\"BTP Line\"},\"image\":{\"@id\":\"https:\/\/btpline.com\/#\/schema\/logo\/image\/\"},\"sameAs\":[\"https:\/\/www.instagram.com\/btpline\/\"]}]}<\/script>\n<!-- \/ Yoast SEO plugin. -->","yoast_head_json":{"title":"Blog - BTP Line","robots":{"index":"index","follow":"follow","max-snippet":"max-snippet:-1","max-image-preview":"max-image-preview:large","max-video-preview":"max-video-preview:-1"},"canonical":"https:\/\/btpline.com\/en\/news\/","og_locale":"en_US","og_type":"article","og_title":"Blog - BTP Line","og_description":"Nos nouveaut\u00e9s Explorez notre blog pour plonger au c\u0153ur des r\u00e9cits captivants, des conseils de voyage avis\u00e9s et des d\u00e9couvertes uniques.","og_url":"https:\/\/btpline.com\/en\/news\/","og_site_name":"BTP Line","article_modified_time":"2023-11-30T17:32:40+00:00","twitter_card":"summary_large_image","twitter_misc":{"Est. reading time":"1 minute"},"schema":{"@context":"https:\/\/schema.org","@graph":[{"@type":"WebPage","@id":"https:\/\/btpline.com\/news\/","url":"https:\/\/btpline.com\/news\/","name":"Blog - BTP Line","isPartOf":{"@id":"https:\/\/btpline.com\/#website"},"datePublished":"2022-09-26T11:47:39+00:00","dateModified":"2023-11-30T17:32:40+00:00","breadcrumb":{"@id":"https:\/\/btpline.com\/news\/#breadcrumb"},"inLanguage":"en-US","potentialAction":[{"@type":"ReadAction","target":["https:\/\/btpline.com\/news\/"]}]},{"@type":"BreadcrumbList","@id":"https:\/\/btpline.com\/news\/#breadcrumb","itemListElement":[{"@type":"ListItem","position":1,"name":"Home","item":"https:\/\/btpline.com\/"},{"@type":"ListItem","position":2,"name":"Blog"}]},{"@type":"WebSite","@id":"https:\/\/btpline.com\/#website","url":"https:\/\/btpline.com\/","name":"BTP Line","description":"Soci\u00e9t\u00e9 de BTP","publisher":{"@id":"https:\/\/btpline.com\/#organization"},"potentialAction":[{"@type":"SearchAction","target":{"@type":"EntryPoint","urlTemplate":"https:\/\/btpline.com\/?s={search_term_string}"},"query-input":"required name=search_term_string"}],"inLanguage":"en-US"},{"@type":"Organization","@id":"https:\/\/btpline.com\/#organization","name":"BTP Line","url":"https:\/\/btpline.com\/","logo":{"@type":"ImageObject","inLanguage":"en-US","@id":"https:\/\/btpline.com\/#\/schema\/logo\/image\/","url":"https:\/\/btpline.com\/wp-content\/uploads\/2023\/11\/cropped-Artboard-2@2x-8.png","contentUrl":"https:\/\/btpline.com\/wp-content\/uploads\/2023\/11\/cropped-Artboard-2@2x-8.png","width":2160,"height":695,"caption":"BTP Line"},"image":{"@id":"https:\/\/btpline.com\/#\/schema\/logo\/image\/"},"sameAs":["https:\/\/www.instagram.com\/btpline\/"]}]}},"_links":{"self":[{"href":"https:\/\/btpline.com\/en\/wp-json\/wp\/v2\/pages\/1832","targetHints":{"allow":["GET"]}}],"collection":[{"href":"https:\/\/btpline.com\/en\/wp-json\/wp\/v2\/pages"}],"about":[{"href":"https:\/\/btpline.com\/en\/wp-json\/wp\/v2\/types\/page"}],"author":[{"embeddable":true,"href":"https:\/\/btpline.com\/en\/wp-json\/wp\/v2\/users\/1"}],"replies":[{"embeddable":true,"href":"https:\/\/btpline.com\/en\/wp-json\/wp\/v2\/comments?post=1832"}],"version-history":[{"count":16,"href":"https:\/\/btpline.com\/en\/wp-json\/wp\/v2\/pages\/1832\/revisions"}],"predecessor-version":[{"id":989513,"href":"https:\/\/btpline.com\/en\/wp-json\/wp\/v2\/pages\/1832\/revisions\/989513"}],"wp:attachment":[{"href":"https:\/\/btpline.com\/en\/wp-json\/wp\/v2\/media?parent=1832"}],"curies":[{"name":"wp","href":"https:\/\/api.w.org\/{rel}","templated":true}]}}