{"id":2223,"date":"2022-10-09T23:22:24","date_gmt":"2022-10-09T23:22:24","guid":{"rendered":"https:\/\/konstruktion.vamtam.com\/?page_id=2223"},"modified":"2023-11-23T00:35:32","modified_gmt":"2023-11-22T23:35:32","slug":"careers","status":"publish","type":"page","link":"https:\/\/btpline.com\/en\/careers\/","title":{"rendered":"Career"},"content":{"rendered":"<div data-elementor-type=\"wp-page\" data-elementor-id=\"2223\" class=\"elementor elementor-2223\" data-elementor-post-type=\"page\">\n\t\t\t\t\t\t<section class=\"elementor-section elementor-top-section elementor-element elementor-element-6a596ac elementor-section-boxed elementor-section-height-default elementor-section-height-default\" data-id=\"6a596ac\" data-element_type=\"section\">\n\t\t\t\t\t\t<div class=\"elementor-container elementor-column-gap-no\">\n\t\t\t\t\t<div class=\"elementor-column elementor-col-50 elementor-top-column elementor-element elementor-element-0c6598a\" data-id=\"0c6598a\" data-element_type=\"column\">\n\t\t\t<div class=\"elementor-widget-wrap elementor-element-populated\">\n\t\t\t\t\t\t<div class=\"elementor-element elementor-element-a096c58 elementor-position-inline-end elementor-widget__width-auto elementor-mobile-position-inline-end elementor-widget-mobile__width-auto elementor-view-default elementor-invisible elementor-widget elementor-widget-icon-box\" data-id=\"a096c58\" data-element_type=\"widget\" data-settings=\"{&quot;_animation&quot;:&quot;slideInUp&quot;}\" data-widget_type=\"icon-box.default\">\n\t\t\t\t<div class=\"elementor-widget-container\">\n\t\t\t\t\t\t\t<div class=\"elementor-icon-box-wrapper\">\n\n\t\t\t\t\t\t<div class=\"elementor-icon-box-icon\">\n\t\t\t\t<span  class=\"elementor-icon\">\n\t\t\t\t<i aria-hidden=\"true\" class=\"vamtamtheme- vamtam-theme-line-titles\"><\/i>\t\t\t\t<\/span>\n\t\t\t<\/div>\n\t\t\t\n\t\t\t\t\t\t<div class=\"elementor-icon-box-content\">\n\n\t\t\t\t\t\t\t\t\t<span class=\"elementor-icon-box-title\">\n\t\t\t\t\t\t<span  >\n\t\t\t\t\t\t\tYour future starts here\t\t\t\t\t\t<\/span>\n\t\t\t\t\t<\/span>\n\t\t\t\t\n\t\t\t\t\n\t\t\t<\/div>\n\t\t\t\n\t\t<\/div>\n\t\t\t\t\t\t<\/div>\n\t\t\t\t<\/div>\n\t\t\t\t\t<\/div>\n\t\t<\/div>\n\t\t\t\t<div class=\"elementor-column elementor-col-50 elementor-top-column elementor-element elementor-element-f7fdd33\" data-id=\"f7fdd33\" data-element_type=\"column\">\n\t\t\t<div class=\"elementor-widget-wrap elementor-element-populated\">\n\t\t\t\t\t\t<div class=\"elementor-element elementor-element-03782e7 elementor-widget elementor-widget-text-editor\" data-id=\"03782e7\" data-element_type=\"widget\" data-widget_type=\"text-editor.default\">\n\t\t\t\t<div class=\"elementor-widget-container\">\n\t\t\t\t\t\t\t\t\t<p>We are constantly seeking passionate talents who share our vision and commitment to excellence. If you are ready to join a dynamic team, take on exciting challenges, and contribute to large-scale projects, we would like to get to know you.<\/p>\t\t\t\t\t\t\t\t<\/div>\n\t\t\t\t<\/div>\n\t\t\t\t\t<\/div>\n\t\t<\/div>\n\t\t\t\t\t<\/div>\n\t\t<\/section>\n\t\t\t\t<section class=\"elementor-section elementor-top-section elementor-element elementor-element-348708f elementor-section-full_width elementor-section-height-min-height elementor-section-stretched elementor-section-height-default elementor-section-items-middle\" data-id=\"348708f\" data-element_type=\"section\" data-settings=\"{&quot;background_background&quot;:&quot;classic&quot;,&quot;stretch_section&quot;:&quot;section-stretched&quot;}\">\n\t\t\t\t\t\t<div class=\"elementor-container elementor-column-gap-default\">\n\t\t\t\t\t<div class=\"elementor-column elementor-col-100 elementor-top-column elementor-element elementor-element-1b2facd\" data-id=\"1b2facd\" data-element_type=\"column\">\n\t\t\t<div class=\"elementor-widget-wrap\">\n\t\t\t\t\t\t\t<\/div>\n\t\t<\/div>\n\t\t\t\t\t<\/div>\n\t\t<\/section>\n\t\t\t\t<section class=\"elementor-section elementor-top-section elementor-element elementor-element-f9b631e elementor-section-boxed elementor-section-height-default elementor-section-height-default\" data-id=\"f9b631e\" data-element_type=\"section\">\n\t\t\t\t\t\t<div class=\"elementor-container elementor-column-gap-default\">\n\t\t\t\t\t<div class=\"elementor-column elementor-col-100 elementor-top-column elementor-element elementor-element-89a46c9\" data-id=\"89a46c9\" data-element_type=\"column\">\n\t\t\t<div class=\"elementor-widget-wrap elementor-element-populated\">\n\t\t\t\t\t\t<div class=\"elementor-element elementor-element-5923793 elementor-widget elementor-widget-spacer\" data-id=\"5923793\" data-element_type=\"widget\" data-widget_type=\"spacer.default\">\n\t\t\t\t<div class=\"elementor-widget-container\">\n\t\t\t\t\t\t\t<div class=\"elementor-spacer\">\n\t\t\t<div class=\"elementor-spacer-inner\"><\/div>\n\t\t<\/div>\n\t\t\t\t\t\t<\/div>\n\t\t\t\t<\/div>\n\t\t\t\t<div class=\"vamtam-has-theme-widget-styles elementor-element elementor-element-266fe66 elementor-button-align-start vamtam-has-underline-anim elementor-widget elementor-widget-form\" data-id=\"266fe66\" data-element_type=\"widget\" data-settings=\"{&quot;step_next_label&quot;:&quot;Next&quot;,&quot;step_previous_label&quot;:&quot;Previous&quot;,&quot;button_width&quot;:&quot;100&quot;,&quot;step_type&quot;:&quot;number_text&quot;,&quot;step_icon_shape&quot;:&quot;circle&quot;}\" data-widget_type=\"form.default\">\n\t\t\t\t<div class=\"elementor-widget-container\">\n\t\t\t\t\t\t\t<form class=\"elementor-form\" method=\"post\" name=\"New Form\" action=\"\">\r\n\t\t\t<input type=\"hidden\" name=\"post_id\" value=\"2223\"\/>\r\n\t\t\t<input type=\"hidden\" name=\"form_id\" value=\"266fe66\"\/>\r\n\t\t\t<input type=\"hidden\" name=\"referer_title\" value=\"BTP Line\" \/>\r\n\r\n\t\t\t\r\n\t\t\t<div class=\"elementor-form-fields-wrapper elementor-labels-above\">\r\n\t\t\t\t\t\t\t\t<div class=\"elementor-field-type-text elementor-field-group elementor-column elementor-field-group-field_c9638cc elementor-col-50 elementor-field-required\">\r\n\t\t\t\t\t\t\t\t\t\t\t\t<label for=\"form-field-field_c9638cc\" class=\"elementor-field-label\">\r\n\t\t\t\t\t\t\t\tFirst name\t\t\t\t\t\t\t<\/label>\r\n\t\t\t\t\t\t\t\t\t\t\t\t\t\t<input size=\"1\" type=\"text\" name=\"form_fields[field_c9638cc]\" id=\"form-field-field_c9638cc\" class=\"elementor-field elementor-size-sm  elementor-field-textual\" placeholder=\"First name\" required=\"required\" aria-required=\"true\">\r\n\t\t\t\t\t\t\t\t\t\t\t<\/div>\r\n\t\t\t\t\t\t\t\t<div class=\"elementor-field-type-text elementor-field-group elementor-column elementor-field-group-field_f89ab7f elementor-col-50 elementor-field-required\">\r\n\t\t\t\t\t\t\t\t\t\t\t\t<label for=\"form-field-field_f89ab7f\" class=\"elementor-field-label\">\r\n\t\t\t\t\t\t\t\tLast name\t\t\t\t\t\t\t<\/label>\r\n\t\t\t\t\t\t\t\t\t\t\t\t\t\t<input size=\"1\" type=\"text\" name=\"form_fields[field_f89ab7f]\" id=\"form-field-field_f89ab7f\" class=\"elementor-field elementor-size-sm  elementor-field-textual\" placeholder=\"Last name\" required=\"required\" aria-required=\"true\">\r\n\t\t\t\t\t\t\t\t\t\t\t<\/div>\r\n\t\t\t\t\t\t\t\t<div class=\"elementor-field-type-tel elementor-field-group elementor-column elementor-field-group-field_cc050ff elementor-col-50 elementor-field-required\">\r\n\t\t\t\t\t\t\t\t\t\t\t\t<label for=\"form-field-field_cc050ff\" class=\"elementor-field-label\">\r\n\t\t\t\t\t\t\t\tPhone number\t\t\t\t\t\t\t<\/label>\r\n\t\t\t\t\t\t\t\t<input size=\"1\" type=\"tel\" name=\"form_fields[field_cc050ff]\" id=\"form-field-field_cc050ff\" class=\"elementor-field elementor-size-sm  elementor-field-textual\" placeholder=\"Phone number\" required=\"required\" aria-required=\"true\" pattern=\"[0-9()#&amp;+*-=.]+\" title=\"Only numbers and phone characters (#, -, *, etc) are accepted.\">\r\n\r\n\t\t\t\t\t\t<\/div>\r\n\t\t\t\t\t\t\t\t<div class=\"elementor-field-type-email elementor-field-group elementor-column elementor-field-group-field_e32927a elementor-col-50 elementor-field-required\">\r\n\t\t\t\t\t\t\t\t\t\t\t\t<label for=\"form-field-field_e32927a\" class=\"elementor-field-label\">\r\n\t\t\t\t\t\t\t\tEmail address\t\t\t\t\t\t\t<\/label>\r\n\t\t\t\t\t\t\t\t\t\t\t\t\t\t<input size=\"1\" type=\"email\" name=\"form_fields[field_e32927a]\" id=\"form-field-field_e32927a\" class=\"elementor-field elementor-size-sm  elementor-field-textual\" placeholder=\"Email address\" required=\"required\" aria-required=\"true\">\r\n\t\t\t\t\t\t\t\t\t\t\t<\/div>\r\n\t\t\t\t\t\t\t\t<div class=\"elementor-field-type-upload elementor-field-group elementor-column elementor-field-group-field_38f6531 elementor-col-50\">\r\n\t\t\t\t\t\t\t\t\t\t\t\t<label for=\"form-field-field_38f6531\" class=\"elementor-field-label\">\r\n\t\t\t\t\t\t\t\tCV\t\t\t\t\t\t\t<\/label>\r\n\t\t\t\t\t\t\t\t<input type=\"file\" name=\"form_fields[field_38f6531]\" id=\"form-field-field_38f6531\" class=\"elementor-field elementor-size-sm  elementor-upload-field\">\r\n\r\n\t\t\t\t\t\t<\/div>\r\n\t\t\t\t\t\t\t\t<div class=\"elementor-field-group elementor-column elementor-field-type-submit elementor-col-100 e-form__buttons\">\r\n\t\t\t\t\t<button type=\"submit\" class=\"elementor-button elementor-size-sm\">\r\n\t\t\t\t\t\t<span >\r\n\t\t\t\t\t\t\t\t\t\t\t\t\t\t\t<span class=\"elementor-button-icon\">\r\n\t\t\t\t\t\t\t\t\t\t\t\t\t\t\t\t\t\t\t\t\t\t\t\t\t\t<\/span>\r\n\t\t\t\t\t\t\t\t\t\t\t\t\t\t\t\t\t\t\t\t\t\t<span class=\"elementor-button-text\">Send<\/span>\r\n\t\t\t\t\t\t\t\t\t\t\t\t\t<\/span>\r\n\t\t\t\t\t<\/button>\r\n\t\t\t\t<\/div>\r\n\t\t\t<\/div>\r\n\t\t<input type=\"hidden\" name=\"trp-form-language\" value=\"en\"\/><\/form>\r\n\t\t\t\t\t\t<\/div>\n\t\t\t\t<\/div>\n\t\t\t\t\t<\/div>\n\t\t<\/div>\n\t\t\t\t\t<\/div>\n\t\t<\/section>\n\t\t\t\t<section class=\"elementor-section elementor-top-section elementor-element elementor-element-52fb9b9 elementor-section-boxed elementor-section-height-default elementor-section-height-default\" data-id=\"52fb9b9\" data-element_type=\"section\">\n\t\t\t\t\t\t<div class=\"elementor-container elementor-column-gap-default\">\n\t\t\t\t\t<div class=\"elementor-column elementor-col-100 elementor-top-column elementor-element elementor-element-b9d3b76\" data-id=\"b9d3b76\" data-element_type=\"column\">\n\t\t\t<div class=\"elementor-widget-wrap elementor-element-populated\">\n\t\t\t\t\t\t<div class=\"elementor-element elementor-element-366abd3 elementor-widget elementor-widget-spacer\" data-id=\"366abd3\" data-element_type=\"widget\" data-widget_type=\"spacer.default\">\n\t\t\t\t<div class=\"elementor-widget-container\">\n\t\t\t\t\t\t\t<div class=\"elementor-spacer\">\n\t\t\t<div class=\"elementor-spacer-inner\"><\/div>\n\t\t<\/div>\n\t\t\t\t\t\t<\/div>\n\t\t\t\t<\/div>\n\t\t\t\t\t<\/div>\n\t\t<\/div>\n\t\t\t\t\t<\/div>\n\t\t<\/section>\n\t\t\t\t<\/div>","protected":false},"excerpt":{"rendered":"<p>Votre avenir commence ici Nous sommes constamment \u00e0 la recherche de talents passionn\u00e9s qui partagent notre vision et notre engagement envers l&rsquo;excellence. Si vous \u00eates pr\u00eat \u00e0 rejoindre une \u00e9quipe dynamique, \u00e0 relever des d\u00e9fis passionnants et \u00e0 contribuer \u00e0 des projets d&rsquo;envergure, nous aimerions vous conna\u00eetre.<\/p>","protected":false},"author":1,"featured_media":0,"parent":0,"menu_order":0,"comment_status":"closed","ping_status":"closed","template":"","meta":{"footnotes":""},"class_list":["post-2223","page","type-page","status-publish","hentry"],"yoast_head":"<!-- This site is optimized with the Yoast SEO plugin v21.2 - https:\/\/yoast.com\/wordpress\/plugins\/seo\/ -->\n<title>Carri\u00e8re - BTP Line<\/title>\n<meta name=\"robots\" content=\"index, follow, max-snippet:-1, max-image-preview:large, max-video-preview:-1\" \/>\n<link rel=\"canonical\" href=\"https:\/\/btpline.com\/en\/careers\/\" \/>\n<meta property=\"og:locale\" content=\"en_US\" \/>\n<meta property=\"og:type\" content=\"article\" \/>\n<meta property=\"og:title\" content=\"Carri\u00e8re - BTP Line\" \/>\n<meta property=\"og:description\" content=\"Votre avenir commence ici Nous sommes constamment \u00e0 la recherche de talents passionn\u00e9s qui partagent notre vision et notre engagement envers l&rsquo;excellence. Si vous \u00eates pr\u00eat \u00e0 rejoindre une \u00e9quipe dynamique, \u00e0 relever des d\u00e9fis passionnants et \u00e0 contribuer \u00e0 des projets d&rsquo;envergure, nous aimerions vous conna\u00eetre.\" \/>\n<meta property=\"og:url\" content=\"https:\/\/btpline.com\/en\/careers\/\" \/>\n<meta property=\"og:site_name\" content=\"BTP Line\" \/>\n<meta property=\"article:modified_time\" content=\"2023-11-22T23:35:32+00:00\" \/>\n<meta name=\"twitter:card\" content=\"summary_large_image\" \/>\n<meta name=\"twitter:label1\" content=\"Est. reading time\" \/>\n\t<meta name=\"twitter:data1\" content=\"1 minute\" \/>\n<script type=\"application\/ld+json\" class=\"yoast-schema-graph\">{\"@context\":\"https:\/\/schema.org\",\"@graph\":[{\"@type\":\"WebPage\",\"@id\":\"https:\/\/btpline.com\/careers\/\",\"url\":\"https:\/\/btpline.com\/careers\/\",\"name\":\"Carri\u00e8re - BTP Line\",\"isPartOf\":{\"@id\":\"https:\/\/btpline.com\/#website\"},\"datePublished\":\"2022-10-09T23:22:24+00:00\",\"dateModified\":\"2023-11-22T23:35:32+00:00\",\"breadcrumb\":{\"@id\":\"https:\/\/btpline.com\/careers\/#breadcrumb\"},\"inLanguage\":\"en-US\",\"potentialAction\":[{\"@type\":\"ReadAction\",\"target\":[\"https:\/\/btpline.com\/careers\/\"]}]},{\"@type\":\"BreadcrumbList\",\"@id\":\"https:\/\/btpline.com\/careers\/#breadcrumb\",\"itemListElement\":[{\"@type\":\"ListItem\",\"position\":1,\"name\":\"Home\",\"item\":\"https:\/\/btpline.com\/\"},{\"@type\":\"ListItem\",\"position\":2,\"name\":\"Carri\u00e8re\"}]},{\"@type\":\"WebSite\",\"@id\":\"https:\/\/btpline.com\/#website\",\"url\":\"https:\/\/btpline.com\/\",\"name\":\"BTP Line\",\"description\":\"Soci\u00e9t\u00e9 de BTP\",\"publisher\":{\"@id\":\"https:\/\/btpline.com\/#organization\"},\"potentialAction\":[{\"@type\":\"SearchAction\",\"target\":{\"@type\":\"EntryPoint\",\"urlTemplate\":\"https:\/\/btpline.com\/?s={search_term_string}\"},\"query-input\":\"required name=search_term_string\"}],\"inLanguage\":\"en-US\"},{\"@type\":\"Organization\",\"@id\":\"https:\/\/btpline.com\/#organization\",\"name\":\"BTP Line\",\"url\":\"https:\/\/btpline.com\/\",\"logo\":{\"@type\":\"ImageObject\",\"inLanguage\":\"en-US\",\"@id\":\"https:\/\/btpline.com\/#\/schema\/logo\/image\/\",\"url\":\"https:\/\/btpline.com\/wp-content\/uploads\/2023\/11\/cropped-Artboard-2@2x-8.png\",\"contentUrl\":\"https:\/\/btpline.com\/wp-content\/uploads\/2023\/11\/cropped-Artboard-2@2x-8.png\",\"width\":2160,\"height\":695,\"caption\":\"BTP Line\"},\"image\":{\"@id\":\"https:\/\/btpline.com\/#\/schema\/logo\/image\/\"},\"sameAs\":[\"https:\/\/www.instagram.com\/btpline\/\"]}]}<\/script>\n<!-- \/ Yoast SEO plugin. -->","yoast_head_json":{"title":"Carri\u00e8re - BTP Line","robots":{"index":"index","follow":"follow","max-snippet":"max-snippet:-1","max-image-preview":"max-image-preview:large","max-video-preview":"max-video-preview:-1"},"canonical":"https:\/\/btpline.com\/en\/careers\/","og_locale":"en_US","og_type":"article","og_title":"Carri\u00e8re - BTP Line","og_description":"Votre avenir commence ici Nous sommes constamment \u00e0 la recherche de talents passionn\u00e9s qui partagent notre vision et notre engagement envers l&rsquo;excellence. Si vous \u00eates pr\u00eat \u00e0 rejoindre une \u00e9quipe dynamique, \u00e0 relever des d\u00e9fis passionnants et \u00e0 contribuer \u00e0 des projets d&rsquo;envergure, nous aimerions vous conna\u00eetre.","og_url":"https:\/\/btpline.com\/en\/careers\/","og_site_name":"BTP Line","article_modified_time":"2023-11-22T23:35:32+00:00","twitter_card":"summary_large_image","twitter_misc":{"Est. reading time":"1 minute"},"schema":{"@context":"https:\/\/schema.org","@graph":[{"@type":"WebPage","@id":"https:\/\/btpline.com\/careers\/","url":"https:\/\/btpline.com\/careers\/","name":"Carri\u00e8re - BTP Line","isPartOf":{"@id":"https:\/\/btpline.com\/#website"},"datePublished":"2022-10-09T23:22:24+00:00","dateModified":"2023-11-22T23:35:32+00:00","breadcrumb":{"@id":"https:\/\/btpline.com\/careers\/#breadcrumb"},"inLanguage":"en-US","potentialAction":[{"@type":"ReadAction","target":["https:\/\/btpline.com\/careers\/"]}]},{"@type":"BreadcrumbList","@id":"https:\/\/btpline.com\/careers\/#breadcrumb","itemListElement":[{"@type":"ListItem","position":1,"name":"Home","item":"https:\/\/btpline.com\/"},{"@type":"ListItem","position":2,"name":"Carri\u00e8re"}]},{"@type":"WebSite","@id":"https:\/\/btpline.com\/#website","url":"https:\/\/btpline.com\/","name":"BTP Line","description":"Soci\u00e9t\u00e9 de BTP","publisher":{"@id":"https:\/\/btpline.com\/#organization"},"potentialAction":[{"@type":"SearchAction","target":{"@type":"EntryPoint","urlTemplate":"https:\/\/btpline.com\/?s={search_term_string}"},"query-input":"required name=search_term_string"}],"inLanguage":"en-US"},{"@type":"Organization","@id":"https:\/\/btpline.com\/#organization","name":"BTP Line","url":"https:\/\/btpline.com\/","logo":{"@type":"ImageObject","inLanguage":"en-US","@id":"https:\/\/btpline.com\/#\/schema\/logo\/image\/","url":"https:\/\/btpline.com\/wp-content\/uploads\/2023\/11\/cropped-Artboard-2@2x-8.png","contentUrl":"https:\/\/btpline.com\/wp-content\/uploads\/2023\/11\/cropped-Artboard-2@2x-8.png","width":2160,"height":695,"caption":"BTP Line"},"image":{"@id":"https:\/\/btpline.com\/#\/schema\/logo\/image\/"},"sameAs":["https:\/\/www.instagram.com\/btpline\/"]}]}},"_links":{"self":[{"href":"https:\/\/btpline.com\/en\/wp-json\/wp\/v2\/pages\/2223","targetHints":{"allow":["GET"]}}],"collection":[{"href":"https:\/\/btpline.com\/en\/wp-json\/wp\/v2\/pages"}],"about":[{"href":"https:\/\/btpline.com\/en\/wp-json\/wp\/v2\/types\/page"}],"author":[{"embeddable":true,"href":"https:\/\/btpline.com\/en\/wp-json\/wp\/v2\/users\/1"}],"replies":[{"embeddable":true,"href":"https:\/\/btpline.com\/en\/wp-json\/wp\/v2\/comments?post=2223"}],"version-history":[{"count":49,"href":"https:\/\/btpline.com\/en\/wp-json\/wp\/v2\/pages\/2223\/revisions"}],"predecessor-version":[{"id":989380,"href":"https:\/\/btpline.com\/en\/wp-json\/wp\/v2\/pages\/2223\/revisions\/989380"}],"wp:attachment":[{"href":"https:\/\/btpline.com\/en\/wp-json\/wp\/v2\/media?parent=2223"}],"curies":[{"name":"wp","href":"https:\/\/api.w.org\/{rel}","templated":true}]}}