{"id":5871,"date":"2022-10-25T11:53:18","date_gmt":"2022-10-25T11:53:18","guid":{"rendered":"https:\/\/konstruktion.vamtam.com\/?page_id=5871"},"modified":"2023-09-28T19:09:59","modified_gmt":"2023-09-28T17:09:59","slug":"design-build","status":"publish","type":"page","link":"https:\/\/btpline.com\/en\/services\/design-build\/","title":{"rendered":"Finishing"},"content":{"rendered":"<div data-elementor-type=\"wp-page\" data-elementor-id=\"5871\" class=\"elementor elementor-5871\" data-elementor-post-type=\"page\">\n\t\t\t\t\t\t<section class=\"elementor-section elementor-top-section elementor-element elementor-element-a13d0ff elementor-section-boxed elementor-section-height-default elementor-section-height-default\" data-id=\"a13d0ff\" data-element_type=\"section\">\n\t\t\t\t\t\t<div class=\"elementor-container elementor-column-gap-no\">\n\t\t\t\t\t<div class=\"elementor-column elementor-col-50 elementor-top-column elementor-element elementor-element-0134627\" data-id=\"0134627\" data-element_type=\"column\">\n\t\t\t<div class=\"elementor-widget-wrap elementor-element-populated\">\n\t\t\t\t\t\t<div class=\"elementor-element elementor-element-07f2a34 elementor-position-inline-end elementor-widget__width-auto elementor-mobile-position-inline-end elementor-widget-mobile__width-auto elementor-view-default elementor-invisible elementor-widget elementor-widget-icon-box\" data-id=\"07f2a34\" data-element_type=\"widget\" data-settings=\"{&quot;_animation&quot;:&quot;slideInUp&quot;}\" data-widget_type=\"icon-box.default\">\n\t\t\t\t<div class=\"elementor-widget-container\">\n\t\t\t\t\t\t\t<div class=\"elementor-icon-box-wrapper\">\n\n\t\t\t\t\t\t<div class=\"elementor-icon-box-icon\">\n\t\t\t\t<span  class=\"elementor-icon\">\n\t\t\t\t<i aria-hidden=\"true\" class=\"vamtamtheme- vamtam-theme-line-titles\"><\/i>\t\t\t\t<\/span>\n\t\t\t<\/div>\n\t\t\t\n\t\t\t\t\t\t<div class=\"elementor-icon-box-content\">\n\n\t\t\t\t\t\t\t\t\t<span class=\"elementor-icon-box-title\">\n\t\t\t\t\t\t<span  >\n\t\t\t\t\t\t\tOur activity\t\t\t\t\t\t<\/span>\n\t\t\t\t\t<\/span>\n\t\t\t\t\n\t\t\t\t\n\t\t\t<\/div>\n\t\t\t\n\t\t<\/div>\n\t\t\t\t\t\t<\/div>\n\t\t\t\t<\/div>\n\t\t\t\t\t<\/div>\n\t\t<\/div>\n\t\t\t\t<div class=\"elementor-column elementor-col-50 elementor-top-column elementor-element elementor-element-77363ae\" data-id=\"77363ae\" data-element_type=\"column\">\n\t\t\t<div class=\"elementor-widget-wrap elementor-element-populated\">\n\t\t\t\t\t\t<div class=\"elementor-element elementor-element-a63d21a elementor-widget elementor-widget-text-editor\" data-id=\"a63d21a\" data-element_type=\"widget\" data-widget_type=\"text-editor.default\">\n\t\t\t\t<div class=\"elementor-widget-container\">\n\t\t\t\t\t\t\t\t\t<p>BTP LINE ensures that every nook and cranny comes to life, every detail is carefully polished, and elegance blends harmoniously into the space. We believe that finishes are the soul of any project, transforming the ordinary into the extraordinary.<\/p>\t\t\t\t\t\t\t\t<\/div>\n\t\t\t\t<\/div>\n\t\t\t\t\t<\/div>\n\t\t<\/div>\n\t\t\t\t\t<\/div>\n\t\t<\/section>\n\t\t\t\t<section class=\"elementor-section elementor-top-section elementor-element elementor-element-654c617 elementor-section-full_width elementor-section-height-min-height elementor-section-stretched elementor-section-height-default elementor-section-items-middle\" data-id=\"654c617\" data-element_type=\"section\" data-settings=\"{&quot;background_background&quot;:&quot;classic&quot;,&quot;stretch_section&quot;:&quot;section-stretched&quot;}\">\n\t\t\t\t\t\t<div class=\"elementor-container elementor-column-gap-default\">\n\t\t\t\t\t<div class=\"elementor-column elementor-col-100 elementor-top-column elementor-element elementor-element-2343e47\" data-id=\"2343e47\" data-element_type=\"column\">\n\t\t\t<div class=\"elementor-widget-wrap\">\n\t\t\t\t\t\t\t<\/div>\n\t\t<\/div>\n\t\t\t\t\t<\/div>\n\t\t<\/section>\n\t\t\t\t<section class=\"elementor-section elementor-top-section elementor-element elementor-element-cda6a00 elementor-section-content-middle elementor-section-boxed elementor-section-height-default elementor-section-height-default\" data-id=\"cda6a00\" data-element_type=\"section\">\n\t\t\t\t\t\t<div class=\"elementor-container elementor-column-gap-no\">\n\t\t\t\t\t<div class=\"elementor-column elementor-col-50 elementor-top-column elementor-element elementor-element-e7347ad\" data-id=\"e7347ad\" data-element_type=\"column\">\n\t\t\t<div class=\"elementor-widget-wrap elementor-element-populated\">\n\t\t\t\t\t\t<div class=\"elementor-element elementor-element-1e2e48b elementor-widget elementor-widget-heading\" data-id=\"1e2e48b\" data-element_type=\"widget\" data-widget_type=\"heading.default\">\n\t\t\t\t<div class=\"elementor-widget-container\">\n\t\t\t\t\t<h2 class=\"elementor-heading-title elementor-size-default\">The Art of Sublimating Space<\/h2>\t\t\t\t<\/div>\n\t\t\t\t<\/div>\n\t\t\t\t<div class=\"elementor-element elementor-element-88dc4e6 elementor-widget elementor-widget-text-editor\" data-id=\"88dc4e6\" data-element_type=\"widget\" data-widget_type=\"text-editor.default\">\n\t\t\t\t<div class=\"elementor-widget-container\">\n\t\t\t\t\t\t\t\t\t<p>Finishing is the step that transcends ordinary spaces to transform them into extraordinary environments. At BTP LINE, we believe that details make all the difference, and it's in finishing that we express our passion for perfection.<\/p>\t\t\t\t\t\t\t\t<\/div>\n\t\t\t\t<\/div>\n\t\t\t\t\t<\/div>\n\t\t<\/div>\n\t\t\t\t<div class=\"elementor-column elementor-col-50 elementor-top-column elementor-element elementor-element-b246258\" data-id=\"b246258\" data-element_type=\"column\">\n\t\t\t<div class=\"elementor-widget-wrap elementor-element-populated\">\n\t\t\t\t\t\t<div class=\"elementor-element elementor-element-25d478a elementor-widget elementor-widget-image\" data-id=\"25d478a\" data-element_type=\"widget\" data-widget_type=\"image.default\">\n\t\t\t\t<div class=\"elementor-widget-container\">\n\t\t\t\t\t\t\t\t\t\t\t\t\t\t\t<img fetchpriority=\"high\" decoding=\"async\" width=\"681\" height=\"1024\" src=\"https:\/\/btpline.com\/wp-content\/uploads\/2023\/09\/laying-hardwood-parquet-681x1024.jpg\" class=\"attachment-large size-large wp-image-988044\" alt=\"\" srcset=\"https:\/\/btpline.com\/wp-content\/uploads\/2023\/09\/laying-hardwood-parquet-681x1024.jpg 681w, https:\/\/btpline.com\/wp-content\/uploads\/2023\/09\/laying-hardwood-parquet-200x300.jpg 200w, https:\/\/btpline.com\/wp-content\/uploads\/2023\/09\/laying-hardwood-parquet-768x1154.jpg 768w, https:\/\/btpline.com\/wp-content\/uploads\/2023\/09\/laying-hardwood-parquet-1022x1536.jpg 1022w, https:\/\/btpline.com\/wp-content\/uploads\/2023\/09\/laying-hardwood-parquet-1363x2048.jpg 1363w, https:\/\/btpline.com\/wp-content\/uploads\/2023\/09\/laying-hardwood-parquet-scaled.jpg 1703w\" sizes=\"(max-width: 681px) 100vw, 681px\" \/>\t\t\t\t\t\t\t\t\t\t\t\t\t\t\t<\/div>\n\t\t\t\t<\/div>\n\t\t\t\t\t<\/div>\n\t\t<\/div>\n\t\t\t\t\t<\/div>\n\t\t<\/section>\n\t\t\t\t<section class=\"elementor-section elementor-top-section elementor-element elementor-element-34d19fe elementor-section-boxed elementor-section-height-default elementor-section-height-default\" data-id=\"34d19fe\" data-element_type=\"section\">\n\t\t\t\t\t\t<div class=\"elementor-container elementor-column-gap-no\">\n\t\t\t\t\t<div class=\"elementor-column elementor-col-50 elementor-top-column elementor-element elementor-element-e8e7b36\" data-id=\"e8e7b36\" data-element_type=\"column\">\n\t\t\t<div class=\"elementor-widget-wrap elementor-element-populated\">\n\t\t\t\t\t\t<div class=\"elementor-element elementor-element-cbcb5ec elementor-widget elementor-widget-heading\" data-id=\"cbcb5ec\" data-element_type=\"widget\" data-widget_type=\"heading.default\">\n\t\t\t\t<div class=\"elementor-widget-container\">\n\t\t\t\t\t<h3 class=\"elementor-heading-title elementor-size-default\">Discover our portfolio of projects that reflect our passion for innovation<\/h3>\t\t\t\t<\/div>\n\t\t\t\t<\/div>\n\t\t\t\t\t<\/div>\n\t\t<\/div>\n\t\t\t\t<div class=\"elementor-column elementor-col-50 elementor-top-column elementor-element elementor-element-b563666\" data-id=\"b563666\" data-element_type=\"column\">\n\t\t\t<div class=\"elementor-widget-wrap\">\n\t\t\t\t\t\t\t<\/div>\n\t\t<\/div>\n\t\t\t\t\t<\/div>\n\t\t<\/section>\n\t\t\t\t<section class=\"elementor-section elementor-top-section elementor-element elementor-element-a048089 elementor-section-boxed elementor-section-height-default elementor-section-height-default\" data-id=\"a048089\" data-element_type=\"section\">\n\t\t\t\t\t\t<div class=\"elementor-container elementor-column-gap-no\">\n\t\t\t\t\t<div class=\"elementor-column elementor-col-100 elementor-top-column elementor-element elementor-element-0274003\" data-id=\"0274003\" data-element_type=\"column\">\n\t\t\t<div class=\"elementor-widget-wrap elementor-element-populated\">\n\t\t\t\t\t\t\t<\/div>\n\t\t<\/div>\n\t\t\t\t\t<\/div>\n\t\t<\/section>\n\t\t\t\t<section class=\"elementor-section elementor-top-section elementor-element elementor-element-94bc173 elementor-section-content-top elementor-section-boxed elementor-section-height-default elementor-section-height-default\" data-id=\"94bc173\" data-element_type=\"section\">\n\t\t\t\t\t\t<div class=\"elementor-container elementor-column-gap-no\">\n\t\t\t\t\t<div class=\"elementor-column elementor-col-50 elementor-top-column elementor-element elementor-element-8b230fa\" data-id=\"8b230fa\" data-element_type=\"column\">\n\t\t\t<div class=\"elementor-widget-wrap elementor-element-populated\">\n\t\t\t\t\t\t<section class=\"elementor-section elementor-inner-section elementor-element elementor-element-64133be elementor-section-height-min-height elementor-section-boxed elementor-section-height-default\" data-id=\"64133be\" data-element_type=\"section\" data-settings=\"{&quot;background_background&quot;:&quot;classic&quot;,&quot;motion_fx_motion_fx_scrolling&quot;:&quot;yes&quot;,&quot;motion_fx_scale_effect&quot;:&quot;yes&quot;,&quot;motion_fx_scale_direction&quot;:&quot;in-out&quot;,&quot;motion_fx_scale_speed&quot;:{&quot;unit&quot;:&quot;px&quot;,&quot;size&quot;:-2,&quot;sizes&quot;:[]},&quot;motion_fx_scale_range&quot;:{&quot;unit&quot;:&quot;%&quot;,&quot;size&quot;:&quot;&quot;,&quot;sizes&quot;:{&quot;start&quot;:0,&quot;end&quot;:29}},&quot;motion_fx_devices&quot;:[&quot;desktop&quot;],&quot;sticky&quot;:&quot;top&quot;,&quot;sticky_on&quot;:[&quot;desktop&quot;,&quot;tablet&quot;],&quot;sticky_parent&quot;:&quot;yes&quot;,&quot;sticky_offset&quot;:0,&quot;sticky_effects_offset&quot;:0}\">\n\t\t\t\t\t\t<div class=\"elementor-container elementor-column-gap-no\">\n\t\t\t\t\t<div class=\"elementor-column elementor-col-100 elementor-inner-column elementor-element elementor-element-447bab1\" data-id=\"447bab1\" data-element_type=\"column\">\n\t\t\t<div class=\"elementor-widget-wrap\">\n\t\t\t\t\t\t\t<\/div>\n\t\t<\/div>\n\t\t\t\t\t<\/div>\n\t\t<\/section>\n\t\t\t\t\t<\/div>\n\t\t<\/div>\n\t\t\t\t<div class=\"elementor-column elementor-col-50 elementor-top-column elementor-element elementor-element-61d86de\" data-id=\"61d86de\" data-element_type=\"column\">\n\t\t\t<div class=\"elementor-widget-wrap elementor-element-populated\">\n\t\t\t\t\t\t<div class=\"elementor-element elementor-element-761cfa5 elementor-widget elementor-widget-spacer\" data-id=\"761cfa5\" data-element_type=\"widget\" data-widget_type=\"spacer.default\">\n\t\t\t\t<div class=\"elementor-widget-container\">\n\t\t\t\t\t\t\t<div class=\"elementor-spacer\">\n\t\t\t<div class=\"elementor-spacer-inner\"><\/div>\n\t\t<\/div>\n\t\t\t\t\t\t<\/div>\n\t\t\t\t<\/div>\n\t\t\t\t<div class=\"elementor-element elementor-element-c2c9a02 elementor-widget elementor-widget-heading\" data-id=\"c2c9a02\" data-element_type=\"widget\" data-widget_type=\"heading.default\">\n\t\t\t\t<div class=\"elementor-widget-container\">\n\t\t\t\t\t<h2 class=\"elementor-heading-title elementor-size-default\">Every Detail Matters<\/h2>\t\t\t\t<\/div>\n\t\t\t\t<\/div>\n\t\t\t\t<div class=\"elementor-element elementor-element-20cb2dc elementor-widget elementor-widget-text-editor\" data-id=\"20cb2dc\" data-element_type=\"widget\" data-widget_type=\"text-editor.default\">\n\t\t\t\t<div class=\"elementor-widget-container\">\n\t\t\t\t\t\t\t\t\t<p>Finishes are more than just an aesthetic addition. They are the promise of an unparalleled experience, where quality and aesthetics come together to create a unique environment. Every color, every texture, every decorative element is carefully chosen to add a touch of sophistication.<\/p>\t\t\t\t\t\t\t\t<\/div>\n\t\t\t\t<\/div>\n\t\t\t\t<div class=\"elementor-element elementor-element-4933fdf elementor-widget elementor-widget-spacer\" data-id=\"4933fdf\" data-element_type=\"widget\" data-widget_type=\"spacer.default\">\n\t\t\t\t<div class=\"elementor-widget-container\">\n\t\t\t\t\t\t\t<div class=\"elementor-spacer\">\n\t\t\t<div class=\"elementor-spacer-inner\"><\/div>\n\t\t<\/div>\n\t\t\t\t\t\t<\/div>\n\t\t\t\t<\/div>\n\t\t\t\t<div class=\"elementor-element elementor-element-2fb9c9f elementor-widget elementor-widget-heading\" data-id=\"2fb9c9f\" data-element_type=\"widget\" data-widget_type=\"heading.default\">\n\t\t\t\t<div class=\"elementor-widget-container\">\n\t\t\t\t\t<h2 class=\"elementor-heading-title elementor-size-default\">Excellence and Precision <\/h2>\t\t\t\t<\/div>\n\t\t\t\t<\/div>\n\t\t\t\t<div class=\"elementor-element elementor-element-8977e1e elementor-widget elementor-widget-text-editor\" data-id=\"8977e1e\" data-element_type=\"widget\" data-widget_type=\"text-editor.default\">\n\t\t\t\t<div class=\"elementor-widget-container\">\n\t\t\t\t\t\t\t\t\t<p>Our commitment to excellence is at the heart of our work. Every finishing project is executed with meticulous precision, using the finest materials and the latest techniques, to guarantee exceptional quality.<\/p>\t\t\t\t\t\t\t\t<\/div>\n\t\t\t\t<\/div>\n\t\t\t\t<div class=\"elementor-element elementor-element-8c436dc elementor-widget elementor-widget-spacer\" data-id=\"8c436dc\" data-element_type=\"widget\" data-widget_type=\"spacer.default\">\n\t\t\t\t<div class=\"elementor-widget-container\">\n\t\t\t\t\t\t\t<div class=\"elementor-spacer\">\n\t\t\t<div class=\"elementor-spacer-inner\"><\/div>\n\t\t<\/div>\n\t\t\t\t\t\t<\/div>\n\t\t\t\t<\/div>\n\t\t\t\t<div class=\"elementor-element elementor-element-3849438 elementor-widget elementor-widget-heading\" data-id=\"3849438\" data-element_type=\"widget\" data-widget_type=\"heading.default\">\n\t\t\t\t<div class=\"elementor-widget-container\">\n\t\t\t\t\t<h2 class=\"elementor-heading-title elementor-size-default\">Full range of services<\/h2>\t\t\t\t<\/div>\n\t\t\t\t<\/div>\n\t\t\t\t<div class=\"elementor-element elementor-element-6a3a6fb elementor-widget elementor-widget-text-editor\" data-id=\"6a3a6fb\" data-element_type=\"widget\" data-widget_type=\"text-editor.default\">\n\t\t\t\t<div class=\"elementor-widget-container\">\n\t\t\t\t\t\t\t\t\t<p>Our finishing services cover a wide range, from painting and flooring to carpentry and interior design. We work closely with our customers to turn their dreams into reality, creating spaces that tell a unique story.<\/p>\t\t\t\t\t\t\t\t<\/div>\n\t\t\t\t<\/div>\n\t\t\t\t<div class=\"vamtam-has-theme-widget-styles elementor-element elementor-element-865e34e vamtam-has-underline-anim elementor-widget elementor-widget-button\" data-id=\"865e34e\" data-element_type=\"widget\" data-widget_type=\"button.default\">\n\t\t\t\t<div class=\"elementor-widget-container\">\n\t\t\t\t\t\t\t\t\t<div class=\"elementor-button-wrapper\">\n\t\t\t\t\t<a class=\"elementor-button elementor-size-sm\" role=\"button\">\n\t\t\t\t\t\t<span class=\"elementor-button-content-wrapper\">\n\t\t\t\t\t\t\t\t\t<span class=\"elementor-button-text\">Contact us<\/span>\n\t\t\t\t\t<\/span>\n\t\t\t\t\t<\/a>\n\t\t\t\t<\/div>\n\t\t\t\t\t\t\t\t<\/div>\n\t\t\t\t<\/div>\n\t\t\t\t<div class=\"elementor-element elementor-element-349b0fb elementor-widget elementor-widget-spacer\" data-id=\"349b0fb\" data-element_type=\"widget\" data-widget_type=\"spacer.default\">\n\t\t\t\t<div class=\"elementor-widget-container\">\n\t\t\t\t\t\t\t<div class=\"elementor-spacer\">\n\t\t\t<div class=\"elementor-spacer-inner\"><\/div>\n\t\t<\/div>\n\t\t\t\t\t\t<\/div>\n\t\t\t\t<\/div>\n\t\t\t\t\t<\/div>\n\t\t<\/div>\n\t\t\t\t\t<\/div>\n\t\t<\/section>\n\t\t\t\t<section class=\"elementor-section elementor-top-section elementor-element elementor-element-0b431fe elementor-section-boxed elementor-section-height-default elementor-section-height-default\" data-id=\"0b431fe\" data-element_type=\"section\">\n\t\t\t\t\t\t<div class=\"elementor-container elementor-column-gap-default\">\n\t\t\t\t\t<div class=\"elementor-column elementor-col-100 elementor-top-column elementor-element elementor-element-f9f19ed\" data-id=\"f9f19ed\" data-element_type=\"column\">\n\t\t\t<div class=\"elementor-widget-wrap elementor-element-populated\">\n\t\t\t\t\t\t<div class=\"elementor-element elementor-element-a56f627 elementor-widget elementor-widget-spacer\" data-id=\"a56f627\" data-element_type=\"widget\" data-widget_type=\"spacer.default\">\n\t\t\t\t<div class=\"elementor-widget-container\">\n\t\t\t\t\t\t\t<div class=\"elementor-spacer\">\n\t\t\t<div class=\"elementor-spacer-inner\"><\/div>\n\t\t<\/div>\n\t\t\t\t\t\t<\/div>\n\t\t\t\t<\/div>\n\t\t\t\t\t<\/div>\n\t\t<\/div>\n\t\t\t\t\t<\/div>\n\t\t<\/section>\n\t\t\t\t<\/div>","protected":false},"excerpt":{"rendered":"<p>Notre activit\u00e9 BTP LINE veille \u00e0 ce que chaque recoin prend vie, chaque d\u00e9tail soit soigneusement poli, et l&rsquo;\u00e9l\u00e9gance se fond harmonieusement dans l&rsquo;espace. Nous croyons que les finitions sont l&rsquo;\u00e2me de tout projet, transformant l&rsquo;ordinaire en extraordinaire. L&rsquo;Art de Sublimer l&rsquo;Espace La finition est l&rsquo;\u00e9tape qui transcende les espaces ordinaires pour les transformer en&#8230;<\/p>","protected":false},"author":1,"featured_media":0,"parent":6872,"menu_order":0,"comment_status":"closed","ping_status":"closed","template":"","meta":{"footnotes":""},"class_list":["post-5871","page","type-page","status-publish","hentry"],"yoast_head":"<!-- This site is optimized with the Yoast SEO plugin v21.2 - https:\/\/yoast.com\/wordpress\/plugins\/seo\/ -->\n<title>Finition - BTP Line<\/title>\n<meta name=\"robots\" content=\"index, follow, max-snippet:-1, max-image-preview:large, max-video-preview:-1\" \/>\n<link rel=\"canonical\" href=\"https:\/\/btpline.com\/en\/services\/design-build\/\" \/>\n<meta property=\"og:locale\" content=\"en_US\" \/>\n<meta property=\"og:type\" content=\"article\" \/>\n<meta property=\"og:title\" content=\"Finition - BTP Line\" \/>\n<meta property=\"og:description\" content=\"Notre activit\u00e9 BTP LINE veille \u00e0 ce que chaque recoin prend vie, chaque d\u00e9tail soit soigneusement poli, et l&rsquo;\u00e9l\u00e9gance se fond harmonieusement dans l&rsquo;espace. Nous croyons que les finitions sont l&rsquo;\u00e2me de tout projet, transformant l&rsquo;ordinaire en extraordinaire. L&rsquo;Art de Sublimer l&rsquo;Espace La finition est l&rsquo;\u00e9tape qui transcende les espaces ordinaires pour les transformer en...\" \/>\n<meta property=\"og:url\" content=\"https:\/\/btpline.com\/en\/services\/design-build\/\" \/>\n<meta property=\"og:site_name\" content=\"BTP Line\" \/>\n<meta property=\"article:modified_time\" content=\"2023-09-28T17:09:59+00:00\" \/>\n<meta property=\"og:image\" content=\"http:\/\/atlasriders.com\/wp-content\/uploads\/2023\/09\/laying-hardwood-parquet-681x1024.jpg\" \/>\n<meta name=\"twitter:card\" content=\"summary_large_image\" \/>\n<meta name=\"twitter:label1\" content=\"Est. reading time\" \/>\n\t<meta name=\"twitter:data1\" content=\"2 minutes\" \/>\n<script type=\"application\/ld+json\" class=\"yoast-schema-graph\">{\"@context\":\"https:\/\/schema.org\",\"@graph\":[{\"@type\":\"WebPage\",\"@id\":\"https:\/\/btpline.com\/services\/design-build\/\",\"url\":\"https:\/\/btpline.com\/services\/design-build\/\",\"name\":\"Finition - BTP Line\",\"isPartOf\":{\"@id\":\"https:\/\/btpline.com\/#website\"},\"datePublished\":\"2022-10-25T11:53:18+00:00\",\"dateModified\":\"2023-09-28T17:09:59+00:00\",\"breadcrumb\":{\"@id\":\"https:\/\/btpline.com\/services\/design-build\/#breadcrumb\"},\"inLanguage\":\"en-US\",\"potentialAction\":[{\"@type\":\"ReadAction\",\"target\":[\"https:\/\/btpline.com\/services\/design-build\/\"]}]},{\"@type\":\"BreadcrumbList\",\"@id\":\"https:\/\/btpline.com\/services\/design-build\/#breadcrumb\",\"itemListElement\":[{\"@type\":\"ListItem\",\"position\":1,\"name\":\"Home\",\"item\":\"https:\/\/btpline.com\/\"},{\"@type\":\"ListItem\",\"position\":2,\"name\":\"Services\",\"item\":\"https:\/\/btpline.com\/services\/\"},{\"@type\":\"ListItem\",\"position\":3,\"name\":\"Finition\"}]},{\"@type\":\"WebSite\",\"@id\":\"https:\/\/btpline.com\/#website\",\"url\":\"https:\/\/btpline.com\/\",\"name\":\"BTP Line\",\"description\":\"Soci\u00e9t\u00e9 de BTP\",\"publisher\":{\"@id\":\"https:\/\/btpline.com\/#organization\"},\"potentialAction\":[{\"@type\":\"SearchAction\",\"target\":{\"@type\":\"EntryPoint\",\"urlTemplate\":\"https:\/\/btpline.com\/?s={search_term_string}\"},\"query-input\":\"required name=search_term_string\"}],\"inLanguage\":\"en-US\"},{\"@type\":\"Organization\",\"@id\":\"https:\/\/btpline.com\/#organization\",\"name\":\"BTP Line\",\"url\":\"https:\/\/btpline.com\/\",\"logo\":{\"@type\":\"ImageObject\",\"inLanguage\":\"en-US\",\"@id\":\"https:\/\/btpline.com\/#\/schema\/logo\/image\/\",\"url\":\"https:\/\/btpline.com\/wp-content\/uploads\/2023\/11\/cropped-Artboard-2@2x-8.png\",\"contentUrl\":\"https:\/\/btpline.com\/wp-content\/uploads\/2023\/11\/cropped-Artboard-2@2x-8.png\",\"width\":2160,\"height\":695,\"caption\":\"BTP Line\"},\"image\":{\"@id\":\"https:\/\/btpline.com\/#\/schema\/logo\/image\/\"},\"sameAs\":[\"https:\/\/www.instagram.com\/btpline\/\"]}]}<\/script>\n<!-- \/ Yoast SEO plugin. -->","yoast_head_json":{"title":"Finition - BTP Line","robots":{"index":"index","follow":"follow","max-snippet":"max-snippet:-1","max-image-preview":"max-image-preview:large","max-video-preview":"max-video-preview:-1"},"canonical":"https:\/\/btpline.com\/en\/services\/design-build\/","og_locale":"en_US","og_type":"article","og_title":"Finition - BTP Line","og_description":"Notre activit\u00e9 BTP LINE veille \u00e0 ce que chaque recoin prend vie, chaque d\u00e9tail soit soigneusement poli, et l&rsquo;\u00e9l\u00e9gance se fond harmonieusement dans l&rsquo;espace. Nous croyons que les finitions sont l&rsquo;\u00e2me de tout projet, transformant l&rsquo;ordinaire en extraordinaire. L&rsquo;Art de Sublimer l&rsquo;Espace La finition est l&rsquo;\u00e9tape qui transcende les espaces ordinaires pour les transformer en...","og_url":"https:\/\/btpline.com\/en\/services\/design-build\/","og_site_name":"BTP Line","article_modified_time":"2023-09-28T17:09:59+00:00","og_image":[{"url":"http:\/\/atlasriders.com\/wp-content\/uploads\/2023\/09\/laying-hardwood-parquet-681x1024.jpg"}],"twitter_card":"summary_large_image","twitter_misc":{"Est. reading time":"2 minutes"},"schema":{"@context":"https:\/\/schema.org","@graph":[{"@type":"WebPage","@id":"https:\/\/btpline.com\/services\/design-build\/","url":"https:\/\/btpline.com\/services\/design-build\/","name":"Finition - BTP Line","isPartOf":{"@id":"https:\/\/btpline.com\/#website"},"datePublished":"2022-10-25T11:53:18+00:00","dateModified":"2023-09-28T17:09:59+00:00","breadcrumb":{"@id":"https:\/\/btpline.com\/services\/design-build\/#breadcrumb"},"inLanguage":"en-US","potentialAction":[{"@type":"ReadAction","target":["https:\/\/btpline.com\/services\/design-build\/"]}]},{"@type":"BreadcrumbList","@id":"https:\/\/btpline.com\/services\/design-build\/#breadcrumb","itemListElement":[{"@type":"ListItem","position":1,"name":"Home","item":"https:\/\/btpline.com\/"},{"@type":"ListItem","position":2,"name":"Services","item":"https:\/\/btpline.com\/services\/"},{"@type":"ListItem","position":3,"name":"Finition"}]},{"@type":"WebSite","@id":"https:\/\/btpline.com\/#website","url":"https:\/\/btpline.com\/","name":"BTP Line","description":"Soci\u00e9t\u00e9 de BTP","publisher":{"@id":"https:\/\/btpline.com\/#organization"},"potentialAction":[{"@type":"SearchAction","target":{"@type":"EntryPoint","urlTemplate":"https:\/\/btpline.com\/?s={search_term_string}"},"query-input":"required name=search_term_string"}],"inLanguage":"en-US"},{"@type":"Organization","@id":"https:\/\/btpline.com\/#organization","name":"BTP Line","url":"https:\/\/btpline.com\/","logo":{"@type":"ImageObject","inLanguage":"en-US","@id":"https:\/\/btpline.com\/#\/schema\/logo\/image\/","url":"https:\/\/btpline.com\/wp-content\/uploads\/2023\/11\/cropped-Artboard-2@2x-8.png","contentUrl":"https:\/\/btpline.com\/wp-content\/uploads\/2023\/11\/cropped-Artboard-2@2x-8.png","width":2160,"height":695,"caption":"BTP Line"},"image":{"@id":"https:\/\/btpline.com\/#\/schema\/logo\/image\/"},"sameAs":["https:\/\/www.instagram.com\/btpline\/"]}]}},"_links":{"self":[{"href":"https:\/\/btpline.com\/en\/wp-json\/wp\/v2\/pages\/5871","targetHints":{"allow":["GET"]}}],"collection":[{"href":"https:\/\/btpline.com\/en\/wp-json\/wp\/v2\/pages"}],"about":[{"href":"https:\/\/btpline.com\/en\/wp-json\/wp\/v2\/types\/page"}],"author":[{"embeddable":true,"href":"https:\/\/btpline.com\/en\/wp-json\/wp\/v2\/users\/1"}],"replies":[{"embeddable":true,"href":"https:\/\/btpline.com\/en\/wp-json\/wp\/v2\/comments?post=5871"}],"version-history":[{"count":16,"href":"https:\/\/btpline.com\/en\/wp-json\/wp\/v2\/pages\/5871\/revisions"}],"predecessor-version":[{"id":988098,"href":"https:\/\/btpline.com\/en\/wp-json\/wp\/v2\/pages\/5871\/revisions\/988098"}],"up":[{"embeddable":true,"href":"https:\/\/btpline.com\/en\/wp-json\/wp\/v2\/pages\/6872"}],"wp:attachment":[{"href":"https:\/\/btpline.com\/en\/wp-json\/wp\/v2\/media?parent=5871"}],"curies":[{"name":"wp","href":"https:\/\/api.w.org\/{rel}","templated":true}]}}